{"id":1212,"date":"2021-01-31T12:56:02","date_gmt":"2021-01-31T12:56:02","guid":{"rendered":"https:\/\/krakowmusic.com\/blog\/?page_id=1212"},"modified":"2023-02-19T15:12:09","modified_gmt":"2023-02-19T15:12:09","slug":"the-recent-archeology-of-the-krakow-music-scene-call-for-entries-blog","status":"publish","type":"page","link":"https:\/\/krakowmusic.com\/blog\/the-recent-archeology-of-the-krakow-music-scene-call-for-entries-blog\/","title":{"rendered":"Call for Entries: The (Recent) Archeology of the Krak\u00f3w Music Scene"},"content":{"rendered":"<div class=\"wpb-content-wrapper\"><p>[vc_section][vc_row][vc_column width=&#8221;1\/2&#8243;][nk_title like=&#8221;&#8221; style=&#8221;&#8221;]<strong>Call for blog entries<\/strong>[\/nk_title][nk_text]<\/p>\n<h4>Are you, or were you once, a local musician in Krak\u00f3w? Do you have any stories to tell from your experience? Are you proud of your musical adventure(s) and would like share the tales of your exploits in the local music scene? Send us your stories, photos and music to get published on the Krak\u00f3w Music Blog.<\/h4>\n<h4><strong>The (Recent) Archeology of the Krak\u00f3w Music Scene<\/strong> is a collection of memories, moments and music by its own protagonists; an archive of feats and failures, friends and foes, fears and fantasies, fate and fortune and ultimately, a phonographic file for those focused on or fiddling with a musical life.<\/h4>\n<h2><strong>Topics<\/strong><\/h2>\n<ul>\n<li>\n<h4>Personal memories and\/or former musical bands<\/h4>\n<\/li>\n<li>\n<h4>Success or failure stories in the music scene<\/h4>\n<\/li>\n<li>\n<h4>Inspiration and aspiration stories<\/h4>\n<\/li>\n<\/ul>\n<h2><strong>Format<\/strong><\/h2>\n<ul>\n<li>\n<h4>Articles with a minimum length of 800 words.<\/h4>\n<ul>\n<li>\n<h4>Must contain visual material: photos, posters, images, graphics, etc.<\/h4>\n<\/li>\n<li>\n<h4>Preferably include music. (YT, Soundcloud, Bandcamp, MySpace links or mp3 files)<\/h4>\n<\/li>\n<\/ul>\n<\/li>\n<li>\n<h4>Old or recent photos of the Krak\u00f3w music scene<\/h4>\n<ul>\n<li>\n<h4>Include a blurb with a short story or comment related to the images (maximum 150 words).<\/h4>\n<\/li>\n<li>\n<h4>Author of photo and\/or copyrights<\/h4>\n<\/li>\n<\/ul>\n<\/li>\n<li>\n<h4>Texts accepted in both English and Polish<\/h4>\n<\/li>\n<\/ul>\n<h2><strong>Submissions<\/strong><\/h2>\n<h4>You can submit an entry by email to info@krakowmusic.com.<br \/>\nSubject line: Krak\u00f3w Music Archeology<\/h4>\n<h4>You can also use this <a href=\"https:\/\/form.jotform.com\/201377967509063\" target=\"_blank\" rel=\"noopener noreferrer\"><strong>online contact form<\/strong><\/a>.<\/h4>\n<p>[\/nk_text][\/vc_column][vc_column width=&#8221;1\/2&#8243; awb_type=&#8221;image&#8221; awb_stretch=&#8221;1&#8243; awb_image_background_position=&#8221;50% 50%&#8221; css=&#8221;.vc_custom_1676819456022{background-color: rgba(61,42,42,0.61) !important;background-position: center !important;background-repeat: no-repeat !important;background-size: cover !important;*background-color: rgb(61,42,42) !important;}&#8221; awb_image=&#8221;1222&#8243;][nk_title like=&#8221;&#8221; style=&#8221;&#8221;]<\/p>\n<h4><span style=\"text-decoration: underline;\"><span style=\"color: #ffffff;\"><strong>Why <em>&#8220;The (Recent) Archeology of the Krak\u00f3w Music Scene&#8221;<\/em>?<\/strong><\/span><\/span><\/h4>\n<p>[\/nk_title][nk_text]<\/p>\n<h5><strong><span style=\"color: #ffffff;\">Someone once told us that Krak\u00f3w is one of those places where apparently nothing happens. It might well be the case of a lost city right at the heart of Europe. As the ancient seat of Polish kings and with a long intellectual and academic tradition, Krak\u00f3w may seem more like a touristy hub living out from past glory, history, picturesque cityscapes and student life. A place with deep rooted traditions where counterculture attitudes and expressions are more than often dwarfed by conservative values and norms.<\/span><\/strong><\/h5>\n<h5><strong><span style=\"color: #ffffff;\">It is paradoxically a spot of confluence. A place of gathering that in the last decades has been shocked with a wave of international people who have decided to make it home. Combined with a young generation flocking in from other places in Poland and neighbouring countries, it is a\u00a0city with a significant population of local foreigners.<\/span><\/strong><\/h5>\n<h5><strong><span style=\"color: #ffffff;\">The amount of creativity and talent that boils up in such a space is unique. The city becomes the catalyst for many artistic expressions that leak out from a hermetic conventional bubble and the music scene is not the exception. With bursts of genius here and there and a constant hiss of artistic steam, Krak\u00f3w is one of the Polish cities with a plethora of stories in the music circles.<\/span><\/strong><\/h5>\n<h5><strong><span style=\"color: #ffffff;\">So things must be happening after all! Krak\u00f3w Music has taken up the task of collecting such tales and tunes in what has been dubbed &#8220;The (Recent) Archeology of the Krak\u00f3w Music Scene.&#8221; Send us your stories, photos and music and feature on our blog.<\/span><\/strong><\/h5>\n<p>[\/nk_text][vc_single_image image=&#8221;1201&#8243; img_size=&#8221;large&#8221; onclick=&#8221;custom_link&#8221; img_link_target=&#8221;_blank&#8221; link=&#8221;https:\/\/krakowmusic.com\/blog\/krakow-cellar-so\u20262009-2017-part-1&#8243;][\/vc_column][\/vc_row][\/vc_section][vc_section css=&#8221;.vc_custom_1612102273483{margin-top: 50px !important;}&#8221;][vc_row][vc_column][nk_text]<\/p>\n<h4 style=\"text-align: right;\"><a href=\"https:\/\/krakowmusic.com\/blog\/\" target=\"_blank\" rel=\"noopener noreferrer\"><strong>Go to the blog for more stories and more music \u279e<\/strong><\/a><\/h4>\n<p>[\/nk_text][nk_title like=&#8221;&#8221; style=&#8221;&#8221;]<\/p>\n<p style=\"text-align: center;\"><strong>The Blog Series<\/strong><\/p>\n<p>[\/nk_title][vc_basic_grid post_type=&#8221;post&#8221; max_items=&#8221;-1&#8243; style=&#8221;load-more&#8221; gap=&#8221;10&#8243; item=&#8221;masonryGrid_FadeIn&#8221; grid_id=&#8221;vc_gid:1676819299604-57ae5cbbca3fc267383c12db013c240d-8&#8243; taxonomies=&#8221;121&#8243;][\/vc_column][\/vc_row][\/vc_section]<\/p>\n<\/div>","protected":false},"excerpt":{"rendered":"<p>[vc_section][vc_row][vc_column width=&#8221;1\/2&#8243;][nk_title like=&#8221;&#8221; style=&#8221;&#8221;]Call for blog entries[\/nk_title][nk_text] Are you, or were you once, a local musician in Krak\u00f3w? Do you have any stories to tell from your experience? Are you proud of your musical adventure(s) and would like share the tales of your exploits in the local music scene? Send us your stories, photos and music to get published on the Krak\u00f3w Music Blog. The (Recent) Archeology of the Krak\u00f3w Music Scene is a collection of memories, moments and music by its own protagonists; an archive of feats and failures, friends and foes, fears and fantasies, fate and fortune and ultimately, a phonographic file for those focused on or fiddling with a musical life. Topics Personal memories and\/or former musical bands Success or failure stories in the music scene Inspiration and aspiration stories Format Articles with a minimum length of 800 words. Must contain visual material: photos, posters, images, graphics, etc. Preferably include music. (YT, Soundcloud, Bandcamp, MySpace links or mp3 files) Old or recent photos of the Krak\u00f3w music scene Include a blurb with a short story or comment related to the images (maximum 150 words). Author of photo and\/or copyrights Texts accepted in both English and Polish Submissions You can submit an entry by email to info@krakowmusic.com. Subject line: Krak\u00f3w Music Archeology You can also use this online contact form. [\/nk_text][\/vc_column][vc_column width=&#8221;1\/2&#8243; awb_type=&#8221;image&#8221; awb_stretch=&#8221;1&#8243; awb_image_background_position=&#8221;50% 50%&#8221; css=&#8221;.vc_custom_1676819456022{background-color: rgba(61,42,42,0.61) !important;background-position: center !important;background-repeat: no-repeat !important;background-size: cover !important;*background-color: rgb(61,42,42) !important;}&#8221; awb_image=&#8221;1222&#8243;][nk_title like=&#8221;&#8221; style=&#8221;&#8221;] Why &#8220;The (Recent) Archeology of the Krak\u00f3w Music Scene&#8221;? [\/nk_title][nk_text] Someone once told us that Krak\u00f3w is one of those places where apparently nothing happens. It might well be the case of a lost city right at the heart of Europe. As the ancient seat of Polish kings and with a long intellectual and academic tradition, Krak\u00f3w may seem more like a touristy hub living out from past glory, history, picturesque cityscapes and student life. A place with deep rooted traditions where counterculture attitudes and expressions are more than often dwarfed by conservative values and norms. It is paradoxically a spot of confluence. A place of gathering that in the last decades has been shocked with a wave of international people who have decided to make it home. Combined with a young generation flocking in from other places in Poland and neighbouring countries, it is a\u00a0city with a significant population of local foreigners. The amount of creativity and talent that boils up in such a space is unique. The city becomes the catalyst for many artistic expressions that leak out from a hermetic conventional bubble and the music scene is not the exception. With bursts of genius here and there and a constant hiss of artistic steam, Krak\u00f3w is one of the Polish cities with a plethora of stories in the music circles. So things must be happening after all! Krak\u00f3w Music has taken up the task of collecting such tales and tunes in what has been dubbed &#8220;The (Recent) Archeology of the Krak\u00f3w Music Scene.&#8221; Send us your stories, photos and music and feature on our blog. [\/nk_text][vc_single_image image=&#8221;1201&#8243; img_size=&#8221;large&#8221; onclick=&#8221;custom_link&#8221; img_link_target=&#8221;_blank&#8221; link=&#8221;https:\/\/krakowmusic.com\/blog\/krakow-cellar-so\u20262009-2017-part-1&#8243;][\/vc_column][\/vc_row][\/vc_section][vc_section css=&#8221;.vc_custom_1612102273483{margin-top: 50px !important;}&#8221;][vc_row][vc_column][nk_text] Go to the blog for more stories and more music \u279e [\/nk_text][nk_title like=&#8221;&#8221; style=&#8221;&#8221;] The Blog Series [\/nk_title][vc_basic_grid post_type=&#8221;post&#8221; max_items=&#8221;-1&#8243; style=&#8221;load-more&#8221; gap=&#8221;10&#8243; item=&#8221;masonryGrid_FadeIn&#8221; grid_id=&#8221;vc_gid:1676819299604-57ae5cbbca3fc267383c12db013c240d-8&#8243; taxonomies=&#8221;121&#8243;][\/vc_column][\/vc_row][\/vc_section]<\/p>\n","protected":false},"author":2,"featured_media":1215,"parent":0,"menu_order":0,"comment_status":"closed","ping_status":"closed","template":"","meta":{"_acf_changed":false,"_seopress_robots_primary_cat":"","_seopress_titles_title":"Call for Entries: The (Recent) Archeology of the Krak\u00f3w Music Scene - Krak\u00f3w Music Blog","_seopress_titles_desc":"Send us your stories, photos and music to get publish in the Krak\u00f3w Music Blog. Are you, or were you once, a local musician in Krak\u00f3w? Do you have any stories to tell from your experience?","_seopress_robots_index":"","footnotes":""},"class_list":["post-1212","page","type-page","status-publish","has-post-thumbnail","hentry"],"acf":[],"publishpress_future_action":{"enabled":false,"date":"2026-04-30 21:36:08","action":"change-status","newStatus":"draft","terms":[],"taxonomy":"","extraData":[]},"publishpress_future_workflow_manual_trigger":{"enabledWorkflows":[]},"_links":{"self":[{"href":"https:\/\/krakowmusic.com\/blog\/wp-json\/wp\/v2\/pages\/1212","targetHints":{"allow":["GET"]}}],"collection":[{"href":"https:\/\/krakowmusic.com\/blog\/wp-json\/wp\/v2\/pages"}],"about":[{"href":"https:\/\/krakowmusic.com\/blog\/wp-json\/wp\/v2\/types\/page"}],"author":[{"embeddable":true,"href":"https:\/\/krakowmusic.com\/blog\/wp-json\/wp\/v2\/users\/2"}],"replies":[{"embeddable":true,"href":"https:\/\/krakowmusic.com\/blog\/wp-json\/wp\/v2\/comments?post=1212"}],"version-history":[{"count":5,"href":"https:\/\/krakowmusic.com\/blog\/wp-json\/wp\/v2\/pages\/1212\/revisions"}],"predecessor-version":[{"id":3208,"href":"https:\/\/krakowmusic.com\/blog\/wp-json\/wp\/v2\/pages\/1212\/revisions\/3208"}],"wp:featuredmedia":[{"embeddable":true,"href":"https:\/\/krakowmusic.com\/blog\/wp-json\/wp\/v2\/media\/1215"}],"wp:attachment":[{"href":"https:\/\/krakowmusic.com\/blog\/wp-json\/wp\/v2\/media?parent=1212"}],"curies":[{"name":"wp","href":"https:\/\/api.w.org\/{rel}","templated":true}]}}