{"id":5,"date":"2020-07-15T17:00:04","date_gmt":"2020-07-15T16:00:04","guid":{"rendered":"http:\/\/krakowmusic.com\/venues\/?page_id=5"},"modified":"2021-02-23T22:01:02","modified_gmt":"2021-02-23T22:01:02","slug":"krakow-music-venues","status":"publish","type":"page","link":"https:\/\/krakowmusic.com\/venuesold\/","title":{"rendered":"Krak\u00f3w Music Venues"},"content":{"rendered":"<div class=\"wpb-content-wrapper\"><p>[vc_section][vc_row][vc_column][nk_title like=&#8221;&#8221; style=&#8221;&#8221;]<\/p>\n<p style=\"text-align: center;\"><strong>Music Venues<\/strong><\/p>\n<p>[\/nk_title][vc_basic_grid post_type=&#8221;post&#8221; max_items=&#8221;8&#8243; item=&#8221;masonryGrid_SlideFromLeft&#8221; grid_id=&#8221;vc_gid:1614117577730-a575c686-0566-1&#8243; taxonomies=&#8221;5&#8243;][\/vc_column][\/vc_row][\/vc_section][vc_section][vc_row][vc_column][nk_title like=&#8221;&#8221; style=&#8221;&#8221;]<\/p>\n<p style=\"text-align: center;\"><strong>Rehearsal Spaces<\/strong><\/p>\n<p>[\/nk_title][vc_basic_grid post_type=&#8221;post&#8221; max_items=&#8221;8&#8243; item=&#8221;masonryGrid_SlideFromLeft&#8221; grid_id=&#8221;vc_gid:1614117587783-ad632dcc-139b-6&#8243; taxonomies=&#8221;10&#8243;][\/vc_column][\/vc_row][\/vc_section][vc_section el_id=&#8221;contact-venues&#8221; css=&#8221;.vc_custom_1594995106215{padding-top: 100px !important;}&#8221;][vc_row css=&#8221;.vc_custom_1595334900704{background-color: #d7d10c !important;}&#8221;][vc_column][nk_title like=&#8221;&#8221; style=&#8221;&#8221;]<\/p>\n<h2 style=\"text-align: center;\"><span style=\"color: #333333;\"><strong>Advertise your venue &amp; events in Krak\u00f3w Music!<br \/>\nCheck out <span style=\"text-decoration: underline;\"><span style=\"color: #333333;\"><a style=\"color: #333333; text-decoration: underline;\" href=\"https:\/\/krakowmusic.com\/venues\/advertise\/\" target=\"_blank\" rel=\"noopener noreferrer\">OUR OFFER<\/a><\/span><\/span> or <span style=\"text-decoration: underline;\"><span style=\"color: #333333;\"><a style=\"color: #333333; text-decoration: underline;\" href=\"https:\/\/form.jotform.com\/200944457450354\" target=\"_blank\" rel=\"noopener noreferrer\">REGISTER NOW<\/a><\/span><\/span>!<br \/>\n<\/strong><\/span><\/h2>\n<hr \/>\n<h2 style=\"text-align: center;\"><span style=\"color: #333333;\"><strong>Reklamuj swoje miejsce i wydarzenia w Krakow Music!<br \/>\nSprawd\u017a <span style=\"text-decoration: underline;\"><span style=\"color: #333333;\"><a style=\"color: #333333; text-decoration: underline;\" href=\"https:\/\/krakowmusic.com\/venues\/advertise\/#rok\" target=\"_blank\" rel=\"noopener noreferrer\">nasz\u0105 ofert\u0119<\/a><\/span><\/span> lub <span style=\"text-decoration: underline;\"><span style=\"color: #333333;\"><a style=\"color: #333333; text-decoration: underline;\" href=\"https:\/\/form.jotform.com\/200944457450354\" target=\"_blank\" rel=\"noopener noreferrer\">zarejestruj si\u0119 ju\u017c teraz!<\/a><\/span><\/span><\/strong><\/span><\/h2>\n<h2><\/h2>\n<p>[\/nk_title][\/vc_column][\/vc_row][vc_row][vc_column width=&#8221;1\/6&#8243;][\/vc_column][vc_column width=&#8221;2\/3&#8243;][vc_row_inner][vc_column_inner width=&#8221;1\/2&#8243;][nk_title like=&#8221;&#8221; style=&#8221;&#8221;]<strong>Kontakt | Give us a shout!<\/strong>[\/nk_title][wpforms id=&#8221;29&#8243; title=&#8221;false&#8221; description=&#8221;false&#8221;][\/vc_column_inner][vc_column_inner width=&#8221;1\/2&#8243;][vc_empty_space height=&#8221;40px&#8221;][nk_text]<\/p>\n<p style=\"text-align: right;\">Juan M Sarabia Gutierrez PARACADEMIC<br \/>\nNIP 6762403739<br \/>\nREGON:\u00a0380115020<br \/>\nADDRESS: UL. TENCZY\u0143SKA 6\/6 31-102, KRAK\u00d3W. POLAND<\/p>\n<p style=\"text-align: right;\"><strong>CONTACT<\/strong><\/p>\n<p style=\"text-align: right;\">EMAIL: <a href=\"mailto:info@krakowmusic.com\" target=\"_blank\" rel=\"noopener noreferrer\"><strong>info@krakowmusic.com<\/strong><\/a><\/p>\n<p style=\"text-align: right;\"><a href=\"https:\/\/krakowmusic.com\/terms-conditions\/\" target=\"_blank\" rel=\"noopener noreferrer\"><strong>Terms &amp; Conditions\u00a0<\/strong><\/a><\/p>\n<p>[\/nk_text][\/vc_column_inner][\/vc_row_inner][\/vc_column][vc_column width=&#8221;1\/6&#8243;][\/vc_column][\/vc_row][\/vc_section]<\/p>\n<\/div>","protected":false},"excerpt":{"rendered":"<p>[vc_section][vc_row][vc_column][nk_title like=&#8221;&#8221; style=&#8221;&#8221;] Music Venues [\/nk_title][vc_basic_grid post_type=&#8221;post&#8221; max_items=&#8221;8&#8243; item=&#8221;masonryGrid_SlideFromLeft&#8221; grid_id=&#8221;vc_gid:1614117577730-a575c686-0566-1&#8243; taxonomies=&#8221;5&#8243;][\/vc_column][\/vc_row][\/vc_section][vc_section][vc_row][vc_column][nk_title like=&#8221;&#8221; style=&#8221;&#8221;] Rehearsal Spaces [\/nk_title][vc_basic_grid post_type=&#8221;post&#8221; max_items=&#8221;8&#8243; item=&#8221;masonryGrid_SlideFromLeft&#8221; grid_id=&#8221;vc_gid:1614117587783-ad632dcc-139b-6&#8243; taxonomies=&#8221;10&#8243;][\/vc_column][\/vc_row][\/vc_section][vc_section el_id=&#8221;contact-venues&#8221; css=&#8221;.vc_custom_1594995106215{padding-top: 100px !important;}&#8221;][vc_row css=&#8221;.vc_custom_1595334900704{background-color: #d7d10c !important;}&#8221;][vc_column][nk_title like=&#8221;&#8221; style=&#8221;&#8221;] Advertise your venue &amp; events in Krak\u00f3w Music! Check out OUR OFFER or REGISTER NOW! Reklamuj swoje miejsce i wydarzenia w Krakow Music! Sprawd\u017a nasz\u0105 ofert\u0119 lub zarejestruj si\u0119 ju\u017c teraz! [\/nk_title][\/vc_column][\/vc_row][vc_row][vc_column width=&#8221;1\/6&#8243;][\/vc_column][vc_column width=&#8221;2\/3&#8243;][vc_row_inner][vc_column_inner width=&#8221;1\/2&#8243;][nk_title like=&#8221;&#8221; style=&#8221;&#8221;]Kontakt | Give us a shout![\/nk_title][wpforms id=&#8221;29&#8243; title=&#8221;false&#8221; description=&#8221;false&#8221;][\/vc_column_inner][vc_column_inner width=&#8221;1\/2&#8243;][vc_empty_space height=&#8221;40px&#8221;][nk_text] Juan M Sarabia Gutierrez PARACADEMIC NIP 6762403739 REGON:\u00a0380115020 ADDRESS: UL. TENCZY\u0143SKA 6\/6 31-102, KRAK\u00d3W. POLAND CONTACT EMAIL: info@krakowmusic.com Terms &amp; Conditions\u00a0 [\/nk_text][\/vc_column_inner][\/vc_row_inner][\/vc_column][vc_column width=&#8221;1\/6&#8243;][\/vc_column][\/vc_row][\/vc_section]<\/p>\n","protected":false},"author":2,"featured_media":10,"parent":0,"menu_order":0,"comment_status":"closed","ping_status":"closed","template":"","meta":{"_acf_changed":false,"_seopress_robots_primary_cat":"","_seopress_titles_title":"Krak\u00f3w Music Venues","_seopress_titles_desc":"Looking for live music in Krak\u00f3w? Check out some of the best local music venues in town as well as their programme of concerts and events.","_seopress_robots_index":"","footnotes":""},"class_list":["post-5","page","type-page","status-publish","has-post-thumbnail","hentry"],"acf":[],"publishpress_future_action":{"enabled":false,"date":"2026-05-03 19:12:42","action":"change-status","newStatus":"draft","terms":[],"taxonomy":"","extraData":[]},"publishpress_future_workflow_manual_trigger":{"enabledWorkflows":[]},"_links":{"self":[{"href":"https:\/\/krakowmusic.com\/venuesold\/wp-json\/wp\/v2\/pages\/5","targetHints":{"allow":["GET"]}}],"collection":[{"href":"https:\/\/krakowmusic.com\/venuesold\/wp-json\/wp\/v2\/pages"}],"about":[{"href":"https:\/\/krakowmusic.com\/venuesold\/wp-json\/wp\/v2\/types\/page"}],"author":[{"embeddable":true,"href":"https:\/\/krakowmusic.com\/venuesold\/wp-json\/wp\/v2\/users\/2"}],"replies":[{"embeddable":true,"href":"https:\/\/krakowmusic.com\/venuesold\/wp-json\/wp\/v2\/comments?post=5"}],"version-history":[{"count":5,"href":"https:\/\/krakowmusic.com\/venuesold\/wp-json\/wp\/v2\/pages\/5\/revisions"}],"predecessor-version":[{"id":478,"href":"https:\/\/krakowmusic.com\/venuesold\/wp-json\/wp\/v2\/pages\/5\/revisions\/478"}],"wp:featuredmedia":[{"embeddable":true,"href":"https:\/\/krakowmusic.com\/venuesold\/wp-json\/wp\/v2\/media\/10"}],"wp:attachment":[{"href":"https:\/\/krakowmusic.com\/venuesold\/wp-json\/wp\/v2\/media?parent=5"}],"curies":[{"name":"wp","href":"https:\/\/api.w.org\/{rel}","templated":true}]}}